{"id":995,"date":"2023-12-07T13:43:38","date_gmt":"2023-12-07T13:43:38","guid":{"rendered":"http:\/\/langholf.net\/?page_id=995"},"modified":"2025-09-17T11:09:50","modified_gmt":"2025-09-17T11:09:50","slug":"musik","status":"publish","type":"page","link":"https:\/\/langholf.net\/eo\/musik","title":{"rendered":"Musikerin"},"content":{"rendered":"<div id=\"pl-995\"  class=\"panel-layout\" ><div id=\"pg-995-0\"  class=\"panel-grid panel-no-style\" ><div id=\"pgc-995-0-0\"  class=\"panel-grid-cell\" ><div id=\"panel-995-0-0-0\" class=\"so-panel widget widget_siteorigin-panels-builder panel-first-child panel-last-child\" data-index=\"0\" ><div id=\"pl-w68c0be02d18b7\"  class=\"panel-layout\" ><div id=\"pg-w68c0be02d18b7-0\"  class=\"panel-grid panel-no-style\" ><div id=\"pgc-w68c0be02d18b7-0-0\"  class=\"panel-grid-cell\" ><div id=\"panel-w68c0be02d18b7-0-0-0\" class=\"so-panel widget widget_sow-image panel-first-child\" data-index=\"0\" ><div\n\t\t\t\n\t\t\tclass=\"so-widget-sow-image so-widget-sow-image-default-dbf295114b96\"\n\t\t\t\n\t\t>\n<div class=\"sow-image-container\">\n\t\t<img \n\tsrc=\"https:\/\/langholf.net\/wp-content\/uploads\/2023\/12\/Geige.jpg\" width=\"829\" height=\"829\" srcset=\"https:\/\/langholf.net\/wp-content\/uploads\/2023\/12\/Geige.jpg 829w, https:\/\/langholf.net\/wp-content\/uploads\/2023\/12\/Geige-300x300.jpg 300w, https:\/\/langholf.net\/wp-content\/uploads\/2023\/12\/Geige-150x150.jpg 150w, https:\/\/langholf.net\/wp-content\/uploads\/2023\/12\/Geige-768x768.jpg 768w\" sizes=\"(max-width: 829px) 100vw, 829px\" title=\"Geige spielen \" alt=\"\" \t\tclass=\"so-widget-image\"\/>\n\t<\/div>\n\n<\/div><\/div><div id=\"panel-w68c0be02d18b7-0-0-1\" class=\"so-panel widget widget_media_image panel-last-child\" data-index=\"1\" ><img loading=\"lazy\" decoding=\"async\" width=\"720\" height=\"368\" src=\"https:\/\/langholf.net\/wp-content\/uploads\/2025\/08\/Cover_Farben-des-Lebens-1024x524.jpg\" class=\"image wp-image-1036  attachment-large size-large\" alt=\"\" style=\"max-width: 100%; height: auto;\" title=\"Cover\" srcset=\"https:\/\/langholf.net\/wp-content\/uploads\/2025\/08\/Cover_Farben-des-Lebens-1024x524.jpg 1024w, https:\/\/langholf.net\/wp-content\/uploads\/2025\/08\/Cover_Farben-des-Lebens-300x153.jpg 300w, https:\/\/langholf.net\/wp-content\/uploads\/2025\/08\/Cover_Farben-des-Lebens-768x393.jpg 768w, https:\/\/langholf.net\/wp-content\/uploads\/2025\/08\/Cover_Farben-des-Lebens-1536x786.jpg 1536w, https:\/\/langholf.net\/wp-content\/uploads\/2025\/08\/Cover_Farben-des-Lebens-2048x1048.jpg 2048w\" sizes=\"auto, (max-width: 720px) 100vw, 720px\" \/><\/div><\/div><\/div><\/div><\/div><\/div><div id=\"pgc-995-0-1\"  class=\"panel-grid-cell\" ><div id=\"panel-995-0-1-0\" class=\"so-panel widget widget_sow-editor panel-first-child\" data-index=\"1\" ><div\n\t\t\t\n\t\t\tclass=\"so-widget-sow-editor so-widget-sow-editor-base\"\n\t\t\t\n\t\t>\n<div class=\"siteorigin-widget-tinymce textwidget\">\n\t<p style=\"text-align: left;\">Vor kurzem habe ich im FMU Studio in Soltau 16 Lieder von mir aufgenommen. Diese sind als CD oder als MP3s auf einem USB-Stick zu bekommen. Wer Interesse hat wendet sich bitte \u00fcber das <a href=\"http:\/\/www.langholf.net\/kontakt\">Kontaktformular <\/a> an mich. Bei den Aufnahmen handelt es sich um folgende Titel:<br \/>\n<strong>01 Mi amas vin <\/strong>Liebeslied f\u00fcr meinen Mann in 8 Sprachen.<br \/>\n<strong>02 Die Farben des Lebens <\/strong> Liebeslied f\u00fcr meine Kinder<br \/>\n<strong>03 Blaubeerstrauch <\/strong>Lied f\u00fcr unser Sternenkind<br \/>\n<strong>04 Schizophrenie<\/strong> Lied \u00fcber die bescheuertsten S\u00e4tze und Meinungen<br \/>\n<strong>05 Chewing gum <\/strong> \u00dcber das Zeitgef\u00fchl in schlechten Zeiten<br \/>\n<strong>06 Graue Tage<\/strong> Eine Depression aus der Innensicht<br \/>\n<strong>07 Die Schaukel <\/strong> Ein Vergleich zwischen dem Leben und dem Schaukeln auf Deutsch und Esperanto<br \/>\n<strong>08 Immerblau <\/strong> \u00dcber den Klimawandel<br \/>\n<strong>09 Lichtgeschwindigkeit <\/strong> Der Beschleunigungswahnsinn unserer Zeit<br \/>\n<strong>10 Do you remember <\/strong> Ein musikalischer Roadtrip durch Neuseeland<br \/>\n<strong>11 I don't know <\/strong> H\u00e4usliche Gewalt<br \/>\n<strong>12 1000 Schmetterlinge<\/strong> Verliebtheitslied<br \/>\n<strong>13 Tantra <\/strong> Lied \u00fcber Tantramassage<br \/>\n<strong>14 Horizons <\/strong> \u00dcber unsere Einzigartigkeit<br \/>\n<strong>15 Schifffahrt <\/strong> Meine Erfahrungen auf einem Dreimaster<br \/>\n<strong>16 Liebesbeweise <\/strong> Die Macken des Partners interpretiert <\/p>\n<p>Schon als kleines Kind sa\u00df ich oft auf der Schaukel und sang meine ganz eigenen Lieder. In meiner Familie wurde sehr viel gesungen ob in allabendlichen Singrunden bei meinen Gro\u00dfeltern mit der Mundorgel, Kanons singen auf Autofahrten oder Gutenachtliedern am Abend. Mit 7 Jahren begann ich Geigenunterricht zu nehmen. Im Grundschulalter entdeckte ich dann das Reimen f\u00fcr mich. An der Waldorfschule in Ottersberg lernte ich viele Instrumente kennen. Ich spielte dort im Orchester in der Brassband und sang im Chor. Mit 14 Jahren fing ich an im Posaunenchor Kirchwalsede Posaune zu spielen. Als Klassenspiel in der 8. Klasse f\u00fchrten wir das Musical Anatevka auf. Als Jugendliche versuchte ich mich au\u00dferdem am Schreiben von Raps. Etwa zeitgleich begann ich mich f\u00fcr deutschsprachige Liedermacher zu interessieren. Von diesen lernte ich von Jahr zu Jahr immer mehr und immer wieder neue Lieder dazu. Ich liebte es am Lagerfeuer zu sitzen und zu musizieren und freute mich wenn es daf\u00fcr Gitarrenbegleitung gab. W\u00e4hrend meines Studiums erwarb ich eine g\u00fcnstige Gitarre mit abgebrochenem Steg auf einem Flohmarkt. Ich bemalte diese, klebte den Steg und brachte mir dann das Gitarre spielen selbstst\u00e4ndig bei. Auf Partys gab ich bald Lieder von Funny van Dannen, Joint Venture, Reinhard Mey und weiteren Liedermachern zum besten. In einer tiefen Krise 2022 verfasste ich etwa 10 Gedichte und als es mir am Ende des Jahres wieder besser ging, begann ich diese ganz langsam nach und nach zu vertonen. Inzwischen sind so 18 Lieder entstanden auf Deutsch, Englisch und Esperanto. Aktuell spiele ich auch noch in der Blaskapelle Hemslingen und im Posaunenchor Kirchwalsede.<\/p>\n<audio class=\"wp-audio-shortcode\" id=\"audio-995-1\" preload=\"none\" style=\"width: 100%;\" controls=\"controls\"><source type=\"audio\/mpeg\" src=\"http:\/\/langholf.net\/wp-content\/uploads\/2025\/08\/02-Die-Farben-des-Lebens.mp3?_=1\" \/><a href=\"http:\/\/langholf.net\/wp-content\/uploads\/2025\/08\/02-Die-Farben-des-Lebens.mp3\">http:\/\/langholf.net\/wp-content\/uploads\/2025\/08\/02-Die-Farben-des-Lebens.mp3<\/a><\/audio>\n<p style=\"text-align: left;\"><strong>Farben des Lebens<\/strong> Liebeslied f\u00fcr meine S\u00f6hne Birk und Ilan<\/p>\n<audio class=\"wp-audio-shortcode\" id=\"audio-995-2\" preload=\"none\" style=\"width: 100%;\" controls=\"controls\"><source type=\"audio\/mpeg\" src=\"http:\/\/langholf.net\/wp-content\/uploads\/2025\/08\/14-Horizons.mp3?_=2\" \/><a href=\"http:\/\/langholf.net\/wp-content\/uploads\/2025\/08\/14-Horizons.mp3\">http:\/\/langholf.net\/wp-content\/uploads\/2025\/08\/14-Horizons.mp3<\/a><\/audio>\n<p style=\"text-align: left;\"><strong>Horizons<\/strong><br \/>\nEnglisches Lied \u00fcber die Individualit\u00e4t des eigenen Horizonts<\/p>\n<\/div>\n<\/div><\/div><div id=\"panel-995-0-1-1\" class=\"so-panel widget widget_sow-editor panel-last-child\" data-index=\"2\" ><div\n\t\t\t\n\t\t\tclass=\"so-widget-sow-editor so-widget-sow-editor-base\"\n\t\t\t\n\t\t>\n<div class=\"siteorigin-widget-tinymce textwidget\">\n\t<iframe loading=\"lazy\"  id=\"_ytid_88640\"  width=\"720\" height=\"405\"  data-origwidth=\"720\" data-origheight=\"405\" src=\"https:\/\/www.youtube.com\/embed\/hiMYqslmDjI?enablejsapi=1&autoplay=0&cc_load_policy=0&cc_lang_pref=&iv_load_policy=1&loop=0&rel=1&fs=1&playsinline=0&autohide=2&theme=dark&color=red&controls=1&\" class=\"__youtube_prefs__  no-lazyload\" title=\"YouTube player\"  allow=\"fullscreen; accelerometer; autoplay; clipboard-write; encrypted-media; gyroscope; picture-in-picture\" allowfullscreen data-no-lazy=\"1\" data-skipgform_ajax_framebjll=\"\"><\/iframe>\n<\/div>\n<\/div><\/div><\/div><div id=\"pgc-995-0-2\"  class=\"panel-grid-cell\" ><div id=\"panel-995-0-2-0\" class=\"so-panel widget widget_sow-image panel-first-child\" data-index=\"3\" ><div\n\t\t\t\n\t\t\tclass=\"so-widget-sow-image so-widget-sow-image-default-8b5b6f678277-995\"\n\t\t\t\n\t\t>\n<div class=\"sow-image-container\">\n\t\t<img \n\tsrc=\"https:\/\/langholf.net\/wp-content\/uploads\/2025\/03\/IMG_20250302_173840-scaled.jpg\" width=\"2560\" height=\"1920\" srcset=\"https:\/\/langholf.net\/wp-content\/uploads\/2025\/03\/IMG_20250302_173840-scaled.jpg 2560w, https:\/\/langholf.net\/wp-content\/uploads\/2025\/03\/IMG_20250302_173840-300x225.jpg 300w, https:\/\/langholf.net\/wp-content\/uploads\/2025\/03\/IMG_20250302_173840-1024x768.jpg 1024w, https:\/\/langholf.net\/wp-content\/uploads\/2025\/03\/IMG_20250302_173840-768x576.jpg 768w, https:\/\/langholf.net\/wp-content\/uploads\/2025\/03\/IMG_20250302_173840-1536x1152.jpg 1536w, https:\/\/langholf.net\/wp-content\/uploads\/2025\/03\/IMG_20250302_173840-2048x1536.jpg 2048w\" sizes=\"(max-width: 2560px) 100vw, 2560px\" title=\"Gitarre spielen \" alt=\"\" \t\tclass=\"so-widget-image\"\/>\n\t<\/div>\n\n<\/div><\/div><div id=\"panel-995-0-2-1\" class=\"so-panel widget widget_sow-button panel-last-child\" data-index=\"4\" ><div\n\t\t\t\n\t\t\tclass=\"so-widget-sow-button so-widget-sow-button-flat-66466acb9e12-995\"\n\t\t\t\n\t\t><div class=\"ow-button-base ow-button-align-center\"\n>\n\t\t\t<a\n\t\t\t\t\thref=\"https:\/\/langholf.net\/eo\/kuenstlerin\"\n\t\t\t\t\tclass=\"sowb-button ow-icon-placement-bottom ow-button-hover\" \t>\n\t\t<span>\n\t\t\t\n\t\t\tWerdegang als K\u00fcnstlerin\t\t<\/span>\n\t\t\t<\/a>\n\t<\/div>\n<\/div><\/div><\/div><\/div><\/div>","protected":false},"excerpt":{"rendered":"<p>Vor kurzem habe ich im FMU Studio in Soltau 16 Lieder von mir aufgenommen. Diese sind als CD oder als MP3s auf einem USB-Stick zu bekommen. Wer Interesse hat wendet sich bitte \u00fcber das Kontaktformular an mich. Bei den Aufnahmen handelt es sich um folgende Titel: 01 Mi amas vin Liebeslied f\u00fcr meinen Mann in [&hellip;]<\/p>\n","protected":false},"author":1,"featured_media":0,"parent":0,"menu_order":0,"comment_status":"closed","ping_status":"closed","template":"","meta":{"footnotes":""},"class_list":["post-995","page","type-page","status-publish","hentry","post"],"translation":{"provider":"WPGlobus","version":"3.0.0","language":"eo","enabled_languages":["de","eo"],"languages":{"de":{"title":true,"content":true,"excerpt":false},"eo":{"title":false,"content":false,"excerpt":false}}},"_links":{"self":[{"href":"https:\/\/langholf.net\/eo\/wp-json\/wp\/v2\/pages\/995","targetHints":{"allow":["GET"]}}],"collection":[{"href":"https:\/\/langholf.net\/eo\/wp-json\/wp\/v2\/pages"}],"about":[{"href":"https:\/\/langholf.net\/eo\/wp-json\/wp\/v2\/types\/page"}],"author":[{"embeddable":true,"href":"https:\/\/langholf.net\/eo\/wp-json\/wp\/v2\/users\/1"}],"replies":[{"embeddable":true,"href":"https:\/\/langholf.net\/eo\/wp-json\/wp\/v2\/comments?post=995"}],"version-history":[{"count":50,"href":"https:\/\/langholf.net\/eo\/wp-json\/wp\/v2\/pages\/995\/revisions"}],"predecessor-version":[{"id":1089,"href":"https:\/\/langholf.net\/eo\/wp-json\/wp\/v2\/pages\/995\/revisions\/1089"}],"wp:attachment":[{"href":"https:\/\/langholf.net\/eo\/wp-json\/wp\/v2\/media?parent=995"}],"curies":[{"name":"wp","href":"https:\/\/api.w.org\/{rel}","templated":true}]}}